{"id":25,"date":"2010-10-20T09:12:54","date_gmt":"2010-10-20T09:12:54","guid":{"rendered":"http:\/\/keskidi.nissone.com\/?page_id=25"},"modified":"2010-10-20T09:12:54","modified_gmt":"2010-10-20T09:12:54","slug":"keskidi-quest-ce-que-cest","status":"publish","type":"page","link":"http:\/\/keskidi.nissone.com\/?page_id=25","title":{"rendered":"\u00ab\u00a0Keskidi\u00a0\u00bb ? Qu&rsquo;est-ce que c&rsquo;est ?"},"content":{"rendered":"<p>Keskidi a pour vocation d&rsquo;<strong>expliquer aux non-techniciens du web<\/strong> (marketing, communication, graphistes, client, etc.) le <strong>vocabulaire <\/strong>et  les <strong>notions <\/strong>qu&rsquo;ils peuvent entendre au cours de leurs discussion avec  les techniciens (d\u00e9veloppeurs, int\u00e9grateurs, webdesigner, etc.).<\/p>\n<p>Le but est donc de <strong>vulgariser certaines notions, traduire le jargon,  expliquer les concepts<\/strong>. Tout \u00e7a dans l&rsquo;objectif de favoriser les  relations, les \u00e9changes pour, toujours, augmenter le niveau de qualit\u00e9  du web ! (rien que \u00e7a ? oui, oui)<\/p>\n<p>En esp\u00e9rant que \u00e7a vous plaise !<\/p>\n","protected":false},"excerpt":{"rendered":"<p>Keskidi a pour vocation d&rsquo;expliquer aux non-techniciens du web (marketing, communication, graphistes, client, etc.) le vocabulaire et les notions qu&rsquo;ils peuvent entendre au cours de leurs discussion avec les techniciens (d\u00e9veloppeurs, int\u00e9grateurs, webdesigner, etc.). Le but est donc de vulgariser certaines notions, traduire le jargon, expliquer les concepts. Tout \u00e7a dans l&rsquo;objectif de favoriser les [&hellip;]<\/p>\n","protected":false},"author":1,"featured_media":0,"parent":0,"menu_order":0,"comment_status":"open","ping_status":"open","template":"","meta":{"footnotes":""},"_links":{"self":[{"href":"http:\/\/keskidi.nissone.com\/index.php?rest_route=\/wp\/v2\/pages\/25"}],"collection":[{"href":"http:\/\/keskidi.nissone.com\/index.php?rest_route=\/wp\/v2\/pages"}],"about":[{"href":"http:\/\/keskidi.nissone.com\/index.php?rest_route=\/wp\/v2\/types\/page"}],"author":[{"embeddable":true,"href":"http:\/\/keskidi.nissone.com\/index.php?rest_route=\/wp\/v2\/users\/1"}],"replies":[{"embeddable":true,"href":"http:\/\/keskidi.nissone.com\/index.php?rest_route=%2Fwp%2Fv2%2Fcomments&post=25"}],"version-history":[{"count":1,"href":"http:\/\/keskidi.nissone.com\/index.php?rest_route=\/wp\/v2\/pages\/25\/revisions"}],"predecessor-version":[{"id":26,"href":"http:\/\/keskidi.nissone.com\/index.php?rest_route=\/wp\/v2\/pages\/25\/revisions\/26"}],"wp:attachment":[{"href":"http:\/\/keskidi.nissone.com\/index.php?rest_route=%2Fwp%2Fv2%2Fmedia&parent=25"}],"curies":[{"name":"wp","href":"https:\/\/api.w.org\/{rel}","templated":true}]}}